{"id":68,"date":"2024-03-09T15:11:06","date_gmt":"2024-03-09T15:11:06","guid":{"rendered":"https:\/\/universidad.juammonsalvedigital.com\/?page_id=68"},"modified":"2024-03-09T15:12:59","modified_gmt":"2024-03-09T15:12:59","slug":"nosotros-4","status":"publish","type":"page","link":"https:\/\/universidad.juammonsalvedigital.com\/index.php\/nosotros-4\/","title":{"rendered":"Panorama 4"},"content":{"rendered":"\t\t<div data-elementor-type=\"wp-page\" data-elementor-id=\"68\" class=\"elementor elementor-68\">\n\t\t\t\t<div class=\"elementor-element elementor-element-3b6d7f8f e-flex e-con-boxed e-con e-parent\" data-id=\"3b6d7f8f\" data-element_type=\"container\" data-settings=\"{&quot;content_width&quot;:&quot;boxed&quot;}\" data-core-v316-plus=\"true\">\n\t\t\t\t\t<div class=\"e-con-inner\">\n\t\t\t\t<div class=\"elementor-element elementor-element-317ab5b9 elementor-widget elementor-widget-text-editor\" data-id=\"317ab5b9\" data-element_type=\"widget\" data-widget_type=\"text-editor.default\">\n\t\t\t\t<div class=\"elementor-widget-container\">\n\t\t\t<style>\/*! elementor - v3.19.0 - 28-02-2024 *\/\n.elementor-widget-text-editor.elementor-drop-cap-view-stacked .elementor-drop-cap{background-color:#69727d;color:#fff}.elementor-widget-text-editor.elementor-drop-cap-view-framed .elementor-drop-cap{color:#69727d;border:3px solid;background-color:transparent}.elementor-widget-text-editor:not(.elementor-drop-cap-view-default) .elementor-drop-cap{margin-top:8px}.elementor-widget-text-editor:not(.elementor-drop-cap-view-default) .elementor-drop-cap-letter{width:1em;height:1em}.elementor-widget-text-editor .elementor-drop-cap{float:left;text-align:center;line-height:1;font-size:50px}.elementor-widget-text-editor .elementor-drop-cap-letter{display:inline-block}<\/style>\t\t\t\t<!-- wp:post-title \/-->\t\t\t\t\t\t<\/div>\n\t\t\t\t<\/div>\n\t\t\t\t\t<\/div>\n\t\t\t\t<\/div>\n\t\t<div class=\"elementor-element elementor-element-4a487ce e-flex e-con-boxed e-con e-parent\" data-id=\"4a487ce\" data-element_type=\"container\" data-settings=\"{&quot;content_width&quot;:&quot;boxed&quot;}\" data-core-v316-plus=\"true\">\n\t\t\t\t\t<div class=\"e-con-inner\">\n\t\t\t\t<div class=\"elementor-element elementor-element-1a05d4b elementor-widget elementor-widget-heading\" data-id=\"1a05d4b\" data-element_type=\"widget\" data-widget_type=\"heading.default\">\n\t\t\t\t<div class=\"elementor-widget-container\">\n\t\t\t<style>\/*! elementor - v3.19.0 - 28-02-2024 *\/\n.elementor-heading-title{padding:0;margin:0;line-height:1}.elementor-widget-heading .elementor-heading-title[class*=elementor-size-]>a{color:inherit;font-size:inherit;line-height:inherit}.elementor-widget-heading .elementor-heading-title.elementor-size-small{font-size:15px}.elementor-widget-heading .elementor-heading-title.elementor-size-medium{font-size:19px}.elementor-widget-heading .elementor-heading-title.elementor-size-large{font-size:29px}.elementor-widget-heading .elementor-heading-title.elementor-size-xl{font-size:39px}.elementor-widget-heading .elementor-heading-title.elementor-size-xxl{font-size:59px}<\/style><h2 class=\"elementor-heading-title elementor-size-default\">Nuestra Misi\u00f3n y Visi\u00f3n<\/h2>\t\t<\/div>\n\t\t\t\t<\/div>\n\t\t\t\t<div class=\"elementor-element elementor-element-3b50c42 elementor-widget elementor-widget-text-editor\" data-id=\"3b50c42\" data-element_type=\"widget\" data-widget_type=\"text-editor.default\">\n\t\t\t\t<div class=\"elementor-widget-container\">\n\t\t\t\t\t\t\t<p><b>Misi\u00f3n:<\/b>\u00a0Hacer del servicio de educaci\u00f3n superior una experiencia que forma personas en valores humanos y excelencia acad\u00e9mica con calidad.<\/p>\n<p><b>Visi\u00f3n:\u00a0<\/b>En el a\u00f1o 2025, U DE COLOMBIA ser\u00e1 elegida por la calidad, pertinencia y diversidad de su oferta acad\u00e9mica, reconocida a nivel nacional y por la formaci\u00f3n integral de sus estudiantes, los avances en investigaci\u00f3n y contribuci\u00f3n al desarrollo sostenible.<\/p>\n<p><b>Prop\u00f3sito:\u00a0<\/b>Crear oportunidades de acceso a la educaci\u00f3n superior formando profesionales competentes, cr\u00edticos, comprometidos y transformadores de la sociedad.<\/p>\t\t\t\t\t\t<\/div>\n\t\t\t\t<\/div>\n\t\t\t\t<div class=\"elementor-element elementor-element-4ed842d elementor-widget elementor-widget-image\" data-id=\"4ed842d\" data-element_type=\"widget\" data-widget_type=\"image.default\">\n\t\t\t\t<div class=\"elementor-widget-container\">\n\t\t\t<style>\/*! elementor - v3.19.0 - 28-02-2024 *\/\n.elementor-widget-image{text-align:center}.elementor-widget-image a{display:inline-block}.elementor-widget-image a img[src$=\".svg\"]{width:48px}.elementor-widget-image img{vertical-align:middle;display:inline-block}<\/style>\t\t\t\t\t\t\t\t\t\t<img fetchpriority=\"high\" decoding=\"async\" width=\"1024\" height=\"576\" src=\"https:\/\/universidad.juammonsalvedigital.com\/wp-content\/uploads\/2024\/03\/person-using-ai-tool-job-1024x576.jpg\" class=\"attachment-large size-large wp-image-28\" alt=\"\" srcset=\"https:\/\/universidad.juammonsalvedigital.com\/wp-content\/uploads\/2024\/03\/person-using-ai-tool-job-1024x576.jpg 1024w, https:\/\/universidad.juammonsalvedigital.com\/wp-content\/uploads\/2024\/03\/person-using-ai-tool-job-300x169.jpg 300w, https:\/\/universidad.juammonsalvedigital.com\/wp-content\/uploads\/2024\/03\/person-using-ai-tool-job-768x432.jpg 768w, https:\/\/universidad.juammonsalvedigital.com\/wp-content\/uploads\/2024\/03\/person-using-ai-tool-job-1536x864.jpg 1536w, https:\/\/universidad.juammonsalvedigital.com\/wp-content\/uploads\/2024\/03\/person-using-ai-tool-job-2048x1152.jpg 2048w\" sizes=\"(max-width: 1024px) 100vw, 1024px\" \/>\t\t\t\t\t\t\t\t\t\t\t\t\t<\/div>\n\t\t\t\t<\/div>\n\t\t\t\t\t<\/div>\n\t\t\t\t<\/div>\n\t\t<div class=\"elementor-element elementor-element-cefdea4 e-flex e-con-boxed e-con e-parent\" data-id=\"cefdea4\" data-element_type=\"container\" data-settings=\"{&quot;content_width&quot;:&quot;boxed&quot;}\" data-core-v316-plus=\"true\">\n\t\t\t\t\t<div class=\"e-con-inner\">\n\t\t\t\t<div class=\"elementor-element elementor-element-15fd466 elementor-widget elementor-widget-heading\" data-id=\"15fd466\" data-element_type=\"widget\" data-widget_type=\"heading.default\">\n\t\t\t\t<div class=\"elementor-widget-container\">\n\t\t\t<h2 class=\"elementor-heading-title elementor-size-default\">Nuestros objetivos<\/h2>\t\t<\/div>\n\t\t\t\t<\/div>\n\t\t\t\t<div class=\"elementor-element elementor-element-a595aaf elementor-widget elementor-widget-text-editor\" data-id=\"a595aaf\" data-element_type=\"widget\" data-widget_type=\"text-editor.default\">\n\t\t\t\t<div class=\"elementor-widget-container\">\n\t\t\t\t\t\t\t<ul>\n<li>Definir el proceso did\u00e1ctico en U DE COLOMBIA como una mediaci\u00f3n entre ense\u00f1ar y aprender, donde el estudiante es el protagonista del proceso y el docente es un acompa\u00f1ante.<\/li>\n<li>Desplegar una funci\u00f3n acad\u00e9mica que identifique los requerimientos de la comunidad y proporcione una metodolog\u00eda que asegure que esos requerimientos est\u00e9n presentes en el dise\u00f1o de los curr\u00edculos y el desarrollo de los mismos.<\/li>\n<li>Jugar un papel activo en la diseminaci\u00f3n del saber dentro de la comunidad, en la medida en que hacerlo, ayude a perfeccionar la funci\u00f3n educativa.<\/li>\n<li>Integrar la investigaci\u00f3n, desarrollo e innovaci\u00f3n a los curr\u00edculos.<\/li>\n<li>Hacer que las Tecnolog\u00edas de Informaci\u00f3n y Comunicaci\u00f3n (Tic\u2019s) sean en U DE COLOMBIA una herramienta metodol\u00f3gica para mejorar el proceso de ense\u00f1anza y aprendizaje.<\/li>\n<li>Promover una dimensi\u00f3n human\u00edstica integral en valores y principios de la existencia humana y el respeto a las normas que nos rigen.<\/li>\n<li>Motivar la participaci\u00f3n de los egresados en las actividades de docencia, investigaci\u00f3n, bienestar, extensi\u00f3n y proyecci\u00f3n social de la instituci\u00f3n.<\/li>\n<\/ul>\t\t\t\t\t\t<\/div>\n\t\t\t\t<\/div>\n\t\t\t\t<div class=\"elementor-element elementor-element-c184e4e elementor-widget elementor-widget-image\" data-id=\"c184e4e\" data-element_type=\"widget\" data-widget_type=\"image.default\">\n\t\t\t\t<div class=\"elementor-widget-container\">\n\t\t\t\t\t\t\t\t\t\t\t\t\t<img fetchpriority=\"high\" decoding=\"async\" width=\"1024\" height=\"576\" src=\"https:\/\/universidad.juammonsalvedigital.com\/wp-content\/uploads\/2024\/03\/person-using-ai-tool-job-1024x576.jpg\" class=\"attachment-large size-large wp-image-28\" alt=\"\" srcset=\"https:\/\/universidad.juammonsalvedigital.com\/wp-content\/uploads\/2024\/03\/person-using-ai-tool-job-1024x576.jpg 1024w, https:\/\/universidad.juammonsalvedigital.com\/wp-content\/uploads\/2024\/03\/person-using-ai-tool-job-300x169.jpg 300w, https:\/\/universidad.juammonsalvedigital.com\/wp-content\/uploads\/2024\/03\/person-using-ai-tool-job-768x432.jpg 768w, https:\/\/universidad.juammonsalvedigital.com\/wp-content\/uploads\/2024\/03\/person-using-ai-tool-job-1536x864.jpg 1536w, https:\/\/universidad.juammonsalvedigital.com\/wp-content\/uploads\/2024\/03\/person-using-ai-tool-job-2048x1152.jpg 2048w\" sizes=\"(max-width: 1024px) 100vw, 1024px\" \/>\t\t\t\t\t\t\t\t\t\t\t\t\t<\/div>\n\t\t\t\t<\/div>\n\t\t\t\t\t<\/div>\n\t\t\t\t<\/div>\n\t\t\t\t<\/div>\n\t\t","protected":false},"excerpt":{"rendered":"<p>Nuestra Misi\u00f3n y Visi\u00f3n Misi\u00f3n:\u00a0Hacer del servicio de educaci\u00f3n superior una experiencia que forma personas en valores humanos y excelencia acad\u00e9mica con calidad. Visi\u00f3n:\u00a0En el a\u00f1o 2025, U DE COLOMBIA ser\u00e1 elegida por la calidad, pertinencia y diversidad de su oferta acad\u00e9mica, reconocida a nivel nacional y por la formaci\u00f3n integral de sus estudiantes, los [&hellip;]<\/p>\n","protected":false},"author":1,"featured_media":0,"parent":0,"menu_order":0,"comment_status":"closed","ping_status":"closed","template":"","meta":{"footnotes":""},"_links":{"self":[{"href":"https:\/\/universidad.juammonsalvedigital.com\/index.php\/wp-json\/wp\/v2\/pages\/68"}],"collection":[{"href":"https:\/\/universidad.juammonsalvedigital.com\/index.php\/wp-json\/wp\/v2\/pages"}],"about":[{"href":"https:\/\/universidad.juammonsalvedigital.com\/index.php\/wp-json\/wp\/v2\/types\/page"}],"author":[{"embeddable":true,"href":"https:\/\/universidad.juammonsalvedigital.com\/index.php\/wp-json\/wp\/v2\/users\/1"}],"replies":[{"embeddable":true,"href":"https:\/\/universidad.juammonsalvedigital.com\/index.php\/wp-json\/wp\/v2\/comments?post=68"}],"version-history":[{"count":2,"href":"https:\/\/universidad.juammonsalvedigital.com\/index.php\/wp-json\/wp\/v2\/pages\/68\/revisions"}],"predecessor-version":[{"id":76,"href":"https:\/\/universidad.juammonsalvedigital.com\/index.php\/wp-json\/wp\/v2\/pages\/68\/revisions\/76"}],"wp:attachment":[{"href":"https:\/\/universidad.juammonsalvedigital.com\/index.php\/wp-json\/wp\/v2\/media?parent=68"}],"curies":[{"name":"wp","href":"https:\/\/api.w.org\/{rel}","templated":true}]}}